{"id":4802,"date":"2018-02-09T11:18:00","date_gmt":"2018-02-09T10:18:00","guid":{"rendered":"http:\/\/www.rhl-hockey.com\/w2\/?page_id=4802"},"modified":"2018-02-09T13:24:22","modified_gmt":"2018-02-09T12:24:22","slug":"rhl-meister-playoffs-2018","status":"publish","type":"page","link":"http:\/\/www.rhl-hockey.com\/w2\/rhl-meister-playoffs-2018\/","title":{"rendered":"RHL-Meister-Playoffs 2018"},"content":{"rendered":"<p><img fetchpriority=\"high\" decoding=\"async\" class=\"aligncenter wp-image-4815 size-large\" src=\"http:\/\/www.rhl-hockey.com\/w2\/wp-content\/uploads\/2018\/02\/RHL-HEADER-PLAYOFFS-17-18-1024x197.jpg\" alt=\"\" width=\"980\" height=\"189\" srcset=\"http:\/\/www.rhl-hockey.com\/w2\/wp-content\/uploads\/2018\/02\/RHL-HEADER-PLAYOFFS-17-18-1024x197.jpg 1024w, http:\/\/www.rhl-hockey.com\/w2\/wp-content\/uploads\/2018\/02\/RHL-HEADER-PLAYOFFS-17-18-300x58.jpg 300w, http:\/\/www.rhl-hockey.com\/w2\/wp-content\/uploads\/2018\/02\/RHL-HEADER-PLAYOFFS-17-18-768x147.jpg 768w, http:\/\/www.rhl-hockey.com\/w2\/wp-content\/uploads\/2018\/02\/RHL-HEADER-PLAYOFFS-17-18-128x25.jpg 128w, http:\/\/www.rhl-hockey.com\/w2\/wp-content\/uploads\/2018\/02\/RHL-HEADER-PLAYOFFS-17-18-32x6.jpg 32w, http:\/\/www.rhl-hockey.com\/w2\/wp-content\/uploads\/2018\/02\/RHL-HEADER-PLAYOFFS-17-18.jpg 1500w\" sizes=\"(max-width: 980px) 100vw, 980px\" \/><div class=\"sportspress sp-widget-align-none\"><div class=\"sp-template sp-template-event-list\">\n\t\t\t<h4 class=\"sp-table-caption\">Playoffs<\/h4>\n\t\t<div class=\"sp-table-wrapper\">\n\t\t<table class=\"sp-event-list sp-event-list-format-homeaway sp-data-table\n\t\t\t\t\t\t\t\t\t\t\t\t\t\t\t\t\t\t\t\t sp-paginated-table\n\t\t\t\t\t\t\t\t\t\t\t\t\t\t\t\t\t\t \t\t\t sp-sortable-table\n\t\t\t\t\t\t\t\t\t\t\t\t\t\t\t\t\t\t \t\t\t\t\t\t\t\t\t\t\t\t\t sp-scrollable-table \" data-sp-rows=\"300\">\n\t\t\t<thead>\n\t\t\t\t<tr>\n\t\t\t\t\t<th class=\"data-date\">Datum<\/th><th class=\"data-home\">Start<\/th><th class=\"data-time\">Zeit\/Ergebnis<\/th><th class=\"data-away\">Ausw\u00e4rts<\/th><th class=\"data-league\">Liga<\/th><th class=\"data-season\">Saison<\/th><th class=\"data-venue\">Austragungsort<\/th>\t\t\t\t<\/tr>\n\t\t\t<\/thead>\n\t\t\t<tbody>\n\t\t\t\t<tr class=\"sp-row sp-post alternate sp-row-no-0\" itemscope itemtype=\"http:\/\/schema.org\/SportsEvent\"><td class=\"data-date\" itemprop=\"startDate\" content=\"2018-03-04T20:00:51+01:00\" data-label=\"Datum\"><a href=\"http:\/\/www.rhl-hockey.com\/w2\/event\/po-hf-1b\/\" itemprop=\"url\"><date>2018-03-04 20:00:51<\/date>4. M\u00e4rz 2018<\/a><\/td><td class=\"data-home has-logo has-logo\" itemprop=\"competitor\" itemscope itemtype=\"http:\/\/schema.org\/SportsTeam\" data-label=\"Start\"><a href=\"http:\/\/www.rhl-hockey.com\/w2\/uni-muenchen\/\">Uni <span class=\"team-logo\"><img decoding=\"async\" width=\"32\" height=\"32\" src=\"http:\/\/www.rhl-hockey.com\/w2\/wp-content\/uploads\/2017\/08\/Uni-Muenchen-32x32.jpg\" class=\"attachment-sportspress-fit-mini size-sportspress-fit-mini wp-post-image\" alt=\"\" \/><\/span><\/a><\/td><td class=\"data-time ok\" data-label=\"Zeit\/Ergebnis\"><a href=\"http:\/\/www.rhl-hockey.com\/w2\/event\/po-hf-1b\/\" itemprop=\"url\">0 - 4<\/a><\/td><td class=\"data-away has-logo has-logo\" itemprop=\"competitor\" itemscope itemtype=\"http:\/\/schema.org\/SportsTeam\" data-label=\"Ausw\u00e4rts\"><a href=\"http:\/\/www.rhl-hockey.com\/w2\/ehc-bruckmuehl\/\"><span class=\"team-logo\"><img decoding=\"async\" width=\"32\" height=\"32\" src=\"http:\/\/www.rhl-hockey.com\/w2\/wp-content\/uploads\/2016\/08\/Bruckmuehl2-32x32.jpg\" class=\"attachment-sportspress-fit-mini size-sportspress-fit-mini wp-post-image\" alt=\"\" \/><\/span> Bruckm\u00fchl<\/a><\/td><td class=\"data-league\" data-label=\"Liga\">RHL1-Meister-Playoff<\/td><td class=\"data-season\" data-label=\"Saison\">17\/18<\/td><td class=\"data-venue\" data-label=\"Austragungsort\" itemprop=\"location\" itemscope itemtype=\"http:\/\/schema.org\/Place\"><div itemprop=\"address\" itemscope itemtype=\"http:\/\/schema.org\/PostalAddress\"><a href=\"http:\/\/www.rhl-hockey.com\/w2\/venue\/muenchen\/\" rel=\"tag\">M\u00fcnchen<\/a><\/div><\/td><\/tr><tr class=\"sp-row sp-post sp-row-no-1\" itemscope itemtype=\"http:\/\/schema.org\/SportsEvent\"><td class=\"data-date\" itemprop=\"startDate\" content=\"2018-03-06T21:45:09+01:00\" data-label=\"Datum\"><a href=\"http:\/\/www.rhl-hockey.com\/w2\/event\/po-hf-1a\/\" itemprop=\"url\"><date>2018-03-06 21:45:09<\/date>6. M\u00e4rz 2018<\/a><\/td><td class=\"data-home has-logo has-logo\" itemprop=\"competitor\" itemscope itemtype=\"http:\/\/schema.org\/SportsTeam\" data-label=\"Start\"><a href=\"http:\/\/www.rhl-hockey.com\/w2\/stadtwerke-rosenheim\/\">Stadtwerke <span class=\"team-logo\"><img loading=\"lazy\" decoding=\"async\" width=\"32\" height=\"32\" src=\"http:\/\/www.rhl-hockey.com\/w2\/wp-content\/uploads\/2016\/08\/Stadtwerke-32x32.jpg\" class=\"attachment-sportspress-fit-mini size-sportspress-fit-mini wp-post-image\" alt=\"\" \/><\/span><\/a><\/td><td class=\"data-time ok\" data-label=\"Zeit\/Ergebnis\"><a href=\"http:\/\/www.rhl-hockey.com\/w2\/event\/po-hf-1a\/\" itemprop=\"url\">3 - 4<\/a><\/td><td class=\"data-away has-logo has-logo\" itemprop=\"competitor\" itemscope itemtype=\"http:\/\/schema.org\/SportsTeam\" data-label=\"Ausw\u00e4rts\"><a href=\"http:\/\/www.rhl-hockey.com\/w2\/dirty-dangler-rimsting\/\"><span class=\"team-logo\"><img loading=\"lazy\" decoding=\"async\" width=\"32\" height=\"32\" src=\"http:\/\/www.rhl-hockey.com\/w2\/wp-content\/uploads\/2016\/08\/Dirty-Dangler-32x32.jpg\" class=\"attachment-sportspress-fit-mini size-sportspress-fit-mini wp-post-image\" alt=\"\" \/><\/span> Dangler<\/a><\/td><td class=\"data-league\" data-label=\"Liga\">RHL1-Meister-Playoff<\/td><td class=\"data-season\" data-label=\"Saison\">17\/18<\/td><td class=\"data-venue\" data-label=\"Austragungsort\" itemprop=\"location\" itemscope itemtype=\"http:\/\/schema.org\/Place\"><div itemprop=\"address\" itemscope itemtype=\"http:\/\/schema.org\/PostalAddress\"><a href=\"http:\/\/www.rhl-hockey.com\/w2\/venue\/rosenheim\/\" rel=\"tag\">Rosenheim<\/a><\/div><\/td><\/tr><tr class=\"sp-row sp-post alternate sp-row-no-2\" itemscope itemtype=\"http:\/\/schema.org\/SportsEvent\"><td class=\"data-date\" itemprop=\"startDate\" content=\"2018-03-07T18:45:11+01:00\" data-label=\"Datum\"><a href=\"http:\/\/www.rhl-hockey.com\/w2\/event\/po-hf-2a\/\" itemprop=\"url\"><date>2018-03-07 18:45:11<\/date>7. M\u00e4rz 2018<\/a><\/td><td class=\"data-home has-logo has-logo\" itemprop=\"competitor\" itemscope itemtype=\"http:\/\/schema.org\/SportsTeam\" data-label=\"Start\"><a href=\"http:\/\/www.rhl-hockey.com\/w2\/dirty-dangler-rimsting\/\">Dangler <span class=\"team-logo\"><img loading=\"lazy\" decoding=\"async\" width=\"32\" height=\"32\" src=\"http:\/\/www.rhl-hockey.com\/w2\/wp-content\/uploads\/2016\/08\/Dirty-Dangler-32x32.jpg\" class=\"attachment-sportspress-fit-mini size-sportspress-fit-mini wp-post-image\" alt=\"\" \/><\/span><\/a><\/td><td class=\"data-time ok\" data-label=\"Zeit\/Ergebnis\"><a href=\"http:\/\/www.rhl-hockey.com\/w2\/event\/po-hf-2a\/\" itemprop=\"url\">5 - 2<\/a><\/td><td class=\"data-away has-logo has-logo\" itemprop=\"competitor\" itemscope itemtype=\"http:\/\/schema.org\/SportsTeam\" data-label=\"Ausw\u00e4rts\"><a href=\"http:\/\/www.rhl-hockey.com\/w2\/stadtwerke-rosenheim\/\"><span class=\"team-logo\"><img loading=\"lazy\" decoding=\"async\" width=\"32\" height=\"32\" src=\"http:\/\/www.rhl-hockey.com\/w2\/wp-content\/uploads\/2016\/08\/Stadtwerke-32x32.jpg\" class=\"attachment-sportspress-fit-mini size-sportspress-fit-mini wp-post-image\" alt=\"\" \/><\/span> Stadtwerke<\/a><\/td><td class=\"data-league\" data-label=\"Liga\">RHL1-Meister-Playoff<\/td><td class=\"data-season\" data-label=\"Saison\">17\/18<\/td><td class=\"data-venue\" data-label=\"Austragungsort\" itemprop=\"location\" itemscope itemtype=\"http:\/\/schema.org\/Place\"><div itemprop=\"address\" itemscope itemtype=\"http:\/\/schema.org\/PostalAddress\"><a href=\"http:\/\/www.rhl-hockey.com\/w2\/venue\/ebbs\/\" rel=\"tag\">Ebbs<\/a><\/div><\/td><\/tr><tr class=\"sp-row sp-post sp-row-no-3\" itemscope itemtype=\"http:\/\/schema.org\/SportsEvent\"><td class=\"data-date\" itemprop=\"startDate\" content=\"2018-03-11T21:15:32+01:00\" data-label=\"Datum\"><a href=\"http:\/\/www.rhl-hockey.com\/w2\/event\/po-hf-2b\/\" itemprop=\"url\"><date>2018-03-11 21:15:32<\/date>11. M\u00e4rz 2018<\/a><\/td><td class=\"data-home has-logo has-logo\" itemprop=\"competitor\" itemscope itemtype=\"http:\/\/schema.org\/SportsTeam\" data-label=\"Start\"><a href=\"http:\/\/www.rhl-hockey.com\/w2\/ehc-bruckmuehl\/\">Bruckm\u00fchl <span class=\"team-logo\"><img decoding=\"async\" width=\"32\" height=\"32\" src=\"http:\/\/www.rhl-hockey.com\/w2\/wp-content\/uploads\/2016\/08\/Bruckmuehl2-32x32.jpg\" class=\"attachment-sportspress-fit-mini size-sportspress-fit-mini wp-post-image\" alt=\"\" \/><\/span><\/a><\/td><td class=\"data-time ok\" data-label=\"Zeit\/Ergebnis\"><a href=\"http:\/\/www.rhl-hockey.com\/w2\/event\/po-hf-2b\/\" itemprop=\"url\">4 - 1<\/a><\/td><td class=\"data-away has-logo has-logo\" itemprop=\"competitor\" itemscope itemtype=\"http:\/\/schema.org\/SportsTeam\" data-label=\"Ausw\u00e4rts\"><a href=\"http:\/\/www.rhl-hockey.com\/w2\/uni-muenchen\/\"><span class=\"team-logo\"><img decoding=\"async\" width=\"32\" height=\"32\" src=\"http:\/\/www.rhl-hockey.com\/w2\/wp-content\/uploads\/2017\/08\/Uni-Muenchen-32x32.jpg\" class=\"attachment-sportspress-fit-mini size-sportspress-fit-mini wp-post-image\" alt=\"\" \/><\/span> Uni<\/a><\/td><td class=\"data-league\" data-label=\"Liga\">RHL1-Meister-Playoff<\/td><td class=\"data-season\" data-label=\"Saison\">17\/18<\/td><td class=\"data-venue\" data-label=\"Austragungsort\" itemprop=\"location\" itemscope itemtype=\"http:\/\/schema.org\/Place\"><div itemprop=\"address\" itemscope itemtype=\"http:\/\/schema.org\/PostalAddress\"><a href=\"http:\/\/www.rhl-hockey.com\/w2\/venue\/bad-aibling\/\" rel=\"tag\">Bad Aibling<\/a><\/div><\/td><\/tr><tr class=\"sp-row sp-post alternate sp-row-no-4\" itemscope itemtype=\"http:\/\/schema.org\/SportsEvent\"><td class=\"data-date\" itemprop=\"startDate\" content=\"2018-03-28T18:30:40+02:00\" data-label=\"Datum\"><a href=\"http:\/\/www.rhl-hockey.com\/w2\/event\/rhl-finale\/\" itemprop=\"url\"><date>2018-03-28 18:30:40<\/date>28. M\u00e4rz 2018<\/a><\/td><td class=\"data-home has-logo has-logo\" itemprop=\"competitor\" itemscope itemtype=\"http:\/\/schema.org\/SportsTeam\" data-label=\"Start\"><a href=\"http:\/\/www.rhl-hockey.com\/w2\/ehc-bruckmuehl\/\">Bruckm\u00fchl <span class=\"team-logo\"><img decoding=\"async\" width=\"32\" height=\"32\" src=\"http:\/\/www.rhl-hockey.com\/w2\/wp-content\/uploads\/2016\/08\/Bruckmuehl2-32x32.jpg\" class=\"attachment-sportspress-fit-mini size-sportspress-fit-mini wp-post-image\" alt=\"\" \/><\/span><\/a><\/td><td class=\"data-time ok\" data-label=\"Zeit\/Ergebnis\"><a href=\"http:\/\/www.rhl-hockey.com\/w2\/event\/rhl-finale\/\" itemprop=\"url\">2 - 1<\/a><\/td><td class=\"data-away has-logo has-logo\" itemprop=\"competitor\" itemscope itemtype=\"http:\/\/schema.org\/SportsTeam\" data-label=\"Ausw\u00e4rts\"><a href=\"http:\/\/www.rhl-hockey.com\/w2\/dirty-dangler-rimsting\/\"><span class=\"team-logo\"><img loading=\"lazy\" decoding=\"async\" width=\"32\" height=\"32\" src=\"http:\/\/www.rhl-hockey.com\/w2\/wp-content\/uploads\/2016\/08\/Dirty-Dangler-32x32.jpg\" class=\"attachment-sportspress-fit-mini size-sportspress-fit-mini wp-post-image\" alt=\"\" \/><\/span> Dangler<\/a><\/td><td class=\"data-league\" data-label=\"Liga\">RHL1-Meister-Playoff<\/td><td class=\"data-season\" data-label=\"Saison\">17\/18<\/td><td class=\"data-venue\" data-label=\"Austragungsort\" itemprop=\"location\" itemscope itemtype=\"http:\/\/schema.org\/Place\"><div itemprop=\"address\" itemscope itemtype=\"http:\/\/schema.org\/PostalAddress\"><a href=\"http:\/\/www.rhl-hockey.com\/w2\/venue\/bad-aibling\/\" rel=\"tag\">Bad Aibling<\/a><\/div><\/td><\/tr>\t\t\t<\/tbody>\n\t\t<\/table>\n\t<\/div>\n\t<\/div>\n<\/div>\n<div class=\"sportspress\"><div class=\"sp-template sp-template-league-table\">\n\t<h4 class=\"sp-table-caption\">RHL-Meister-Playoffs 17-18<\/h4><div class=\"sp-table-wrapper\"><table class=\"sp-league-table sp-league-table-4801 sp-data-table sp-sortable-table sp-scrollable-table sp-paginated-table\" data-sp-rows=\"30\"><thead><tr><th class=\"data-rank\">Pos<\/th><th class=\"data-name\">Mannschaft<\/th><th class=\"data-gp\">GP<\/th><th class=\"data-w\">W<\/th><th class=\"data-l\">L<\/th><th class=\"data-pts\">PTS<\/th><th class=\"data-gf\">GF<\/th><th class=\"data-ga\">GA<\/th><th class=\"data-diff\">Diff<\/th><\/tr><\/thead><tbody><tr class=\"odd sp-row-no-0\"><td class=\"data-rank\" data-label=\"Pos\">1<\/td><td class=\"data-name has-logo\" data-label=\"Mannschaft\"><a href=\"http:\/\/www.rhl-hockey.com\/w2\/ehc-bruckmuehl\/\"><span class=\"team-logo\"><img loading=\"lazy\" decoding=\"async\" width=\"128\" height=\"128\" src=\"http:\/\/www.rhl-hockey.com\/w2\/wp-content\/uploads\/2016\/08\/Bruckmuehl2-128x128.jpg\" class=\"attachment-sportspress-fit-icon size-sportspress-fit-icon wp-post-image\" alt=\"\" \/><\/span>Bruckm\u00fchl<\/a><\/td><td class=\"data-gp\" data-label=\"GP\">3<\/td><td class=\"data-w\" data-label=\"W\">3<\/td><td class=\"data-l\" data-label=\"L\">0<\/td><td class=\"data-pts\" data-label=\"PTS\">9<\/td><td class=\"data-gf\" data-label=\"GF\">10<\/td><td class=\"data-ga\" data-label=\"GA\">2<\/td><td class=\"data-diff\" data-label=\"Diff\">8<\/td><\/tr><tr class=\"even sp-row-no-1\"><td class=\"data-rank\" data-label=\"Pos\">2<\/td><td class=\"data-name has-logo\" data-label=\"Mannschaft\"><a href=\"http:\/\/www.rhl-hockey.com\/w2\/dirty-dangler-rimsting\/\"><span class=\"team-logo\"><img loading=\"lazy\" decoding=\"async\" width=\"128\" height=\"128\" src=\"http:\/\/www.rhl-hockey.com\/w2\/wp-content\/uploads\/2016\/08\/Dirty-Dangler-128x128.jpg\" class=\"attachment-sportspress-fit-icon size-sportspress-fit-icon wp-post-image\" alt=\"\" \/><\/span>Dangler<\/a><\/td><td class=\"data-gp\" data-label=\"GP\">3<\/td><td class=\"data-w\" data-label=\"W\">2<\/td><td class=\"data-l\" data-label=\"L\">1<\/td><td class=\"data-pts\" data-label=\"PTS\">6<\/td><td class=\"data-gf\" data-label=\"GF\">10<\/td><td class=\"data-ga\" data-label=\"GA\">7<\/td><td class=\"data-diff\" data-label=\"Diff\">3<\/td><\/tr><tr class=\"odd sp-row-no-2\"><td class=\"data-rank\" data-label=\"Pos\">3<\/td><td class=\"data-name has-logo\" data-label=\"Mannschaft\"><a href=\"http:\/\/www.rhl-hockey.com\/w2\/stadtwerke-rosenheim\/\"><span class=\"team-logo\"><img loading=\"lazy\" decoding=\"async\" width=\"128\" height=\"128\" src=\"http:\/\/www.rhl-hockey.com\/w2\/wp-content\/uploads\/2016\/08\/Stadtwerke-128x128.jpg\" class=\"attachment-sportspress-fit-icon size-sportspress-fit-icon wp-post-image\" alt=\"\" \/><\/span>Stadtwerke<\/a><\/td><td class=\"data-gp\" data-label=\"GP\">2<\/td><td class=\"data-w\" data-label=\"W\">0<\/td><td class=\"data-l\" data-label=\"L\">2<\/td><td class=\"data-pts\" data-label=\"PTS\">0<\/td><td class=\"data-gf\" data-label=\"GF\">5<\/td><td class=\"data-ga\" data-label=\"GA\">9<\/td><td class=\"data-diff\" data-label=\"Diff\">-4<\/td><\/tr><tr class=\"even sp-row-no-3\"><td class=\"data-rank\" data-label=\"Pos\">4<\/td><td class=\"data-name has-logo\" data-label=\"Mannschaft\"><a href=\"http:\/\/www.rhl-hockey.com\/w2\/uni-muenchen\/\"><span class=\"team-logo\"><img loading=\"lazy\" decoding=\"async\" width=\"128\" height=\"128\" src=\"http:\/\/www.rhl-hockey.com\/w2\/wp-content\/uploads\/2017\/08\/Uni-Muenchen-128x128.jpg\" class=\"attachment-sportspress-fit-icon size-sportspress-fit-icon wp-post-image\" alt=\"\" \/><\/span>Uni<\/a><\/td><td class=\"data-gp\" data-label=\"GP\">2<\/td><td class=\"data-w\" data-label=\"W\">0<\/td><td class=\"data-l\" data-label=\"L\">2<\/td><td class=\"data-pts\" data-label=\"PTS\">0<\/td><td class=\"data-gf\" data-label=\"GF\">1<\/td><td class=\"data-ga\" data-label=\"GA\">8<\/td><td class=\"data-diff\" data-label=\"Diff\">-7<\/td><\/tr><\/tbody><\/table><\/div><\/div>\n<\/div>\n","protected":false},"excerpt":{"rendered":"Playoffs DatumStartZeit\/ErgebnisAusw\u00e4rtsLigaSaisonAustragungsort 2018-03-04 20:00:514. M\u00e4rz 2018Uni 0 - 4 Bruckm\u00fchlRHL1-Meister-Playoff17\/18M\u00fcnchen2018-03-06 21:45:096. M\u00e4rz 2018Stadtwerke 3 - 4 DanglerRHL1-Meister-Playoff17\/18Rosenheim2018-03-07 18:45:117. M\u00e4rz 2018Dangler 5 - 2 StadtwerkeRHL1-Meister-Playoff17\/18Ebbs2018-03-11 21:15:3211. M\u00e4rz 2018Bruckm\u00fchl 4 - 1 UniRHL1-Meister-Playoff17\/18Bad Aibling2018-03-28 18:30:4028. M\u00e4rz 2018Bruckm\u00fchl 2 - 1 DanglerRHL1-Meister-Playoff17\/18Bad Aibling RHL-Meister-Playoffs 17-18PosMannschaftGPWLPTSGFGADiff1Bruckm\u00fchl330910282Dangler321610733Stadtwerke202059-44Uni202018-7","protected":false},"author":1,"featured_media":0,"parent":0,"menu_order":0,"comment_status":"closed","ping_status":"closed","template":"","meta":{"footnotes":""},"class_list":["post-4802","page","type-page","status-publish","hentry"],"_links":{"self":[{"href":"http:\/\/www.rhl-hockey.com\/w2\/wp-json\/wp\/v2\/pages\/4802","targetHints":{"allow":["GET"]}}],"collection":[{"href":"http:\/\/www.rhl-hockey.com\/w2\/wp-json\/wp\/v2\/pages"}],"about":[{"href":"http:\/\/www.rhl-hockey.com\/w2\/wp-json\/wp\/v2\/types\/page"}],"author":[{"embeddable":true,"href":"http:\/\/www.rhl-hockey.com\/w2\/wp-json\/wp\/v2\/users\/1"}],"replies":[{"embeddable":true,"href":"http:\/\/www.rhl-hockey.com\/w2\/wp-json\/wp\/v2\/comments?post=4802"}],"version-history":[{"count":7,"href":"http:\/\/www.rhl-hockey.com\/w2\/wp-json\/wp\/v2\/pages\/4802\/revisions"}],"predecessor-version":[{"id":4817,"href":"http:\/\/www.rhl-hockey.com\/w2\/wp-json\/wp\/v2\/pages\/4802\/revisions\/4817"}],"wp:attachment":[{"href":"http:\/\/www.rhl-hockey.com\/w2\/wp-json\/wp\/v2\/media?parent=4802"}],"curies":[{"name":"wp","href":"https:\/\/api.w.org\/{rel}","templated":true}]}}