{"id":199,"date":"2015-07-31T21:07:56","date_gmt":"2015-07-31T19:07:56","guid":{"rendered":"http:\/\/www.rhl-hockey.com\/w2\/?page_id=199"},"modified":"2016-09-18T12:52:57","modified_gmt":"2016-09-18T10:52:57","slug":"rhl-all-4-one-champions","status":"publish","type":"page","link":"http:\/\/www.rhl-hockey.com\/w2\/rhl-all-4-one-champions\/","title":{"rendered":"RHL &#8211; ALL 4 ONE CHAMPIONS"},"content":{"rendered":"<p><img fetchpriority=\"high\" decoding=\"async\" class=\"aligncenter wp-image-190 size-full\" src=\"http:\/\/www.rhl-hockey.com\/w2\/wp-content\/uploads\/2015\/07\/hall-of-fame13-14.jpg\" alt=\"hall-of-fame13-14\" width=\"1000\" height=\"288\" srcset=\"http:\/\/www.rhl-hockey.com\/w2\/wp-content\/uploads\/2015\/07\/hall-of-fame13-14.jpg 1000w, http:\/\/www.rhl-hockey.com\/w2\/wp-content\/uploads\/2015\/07\/hall-of-fame13-14-300x86.jpg 300w\" sizes=\"(max-width: 1000px) 100vw, 1000px\" \/><\/p>\n<table border=\"0\" width=\"95%\" align=\"center\">\n<tbody>\n<tr>\n<td style=\"text-align: center;\" align=\"center\" bgcolor=\"#FFFF00\" width=\"607\">\n<h1 style=\"text-align: center;\"><span style=\"color: #000000;\">ALL-FOUR-ONE CHAMPION:<\/span><\/h1>\n<p><span style=\"color: #000000;\"> RHL-Meister &#8211; RHL-Pokalsieger &#8211; Bester Spieler\/Goalie und All-Star-Game Sieger<\/span><\/td>\n<\/tr>\n<\/tbody>\n<\/table>\n<p>&nbsp;<\/p>\n<table border=\"0\" width=\"95%\" align=\"center\">\n<tbody>\n<tr>\n<td bgcolor=\"#FF0000\"><\/td>\n<td><\/td>\n<td bgcolor=\"#FF0000\"><strong><strong><span style=\"font-family: Arial, Helvetica, sans-serif; font-size: small;\"><span class=\"Stil4\">Siebeneicher Ernst (Moordeife Bad Aibling)<\/span><\/span><\/strong><\/strong><\/td>\n<\/tr>\n<tr>\n<td bgcolor=\"#FF0000\" width=\"461\"><\/td>\n<td><\/td>\n<td bgcolor=\"#FF0000\"><strong><strong><span style=\"font-family: Arial, Helvetica, sans-serif; font-size: small;\"><span class=\"Stil4\">Mainbird Mike (Mangfall Sheriffs)<\/span><\/span><\/strong><\/strong><\/td>\n<\/tr>\n<tr>\n<td bgcolor=\"#FF0000\"><\/td>\n<td><\/td>\n<td bgcolor=\"#FF0000\"><strong><span style=\"font-family: Arial, Helvetica, sans-serif; font-size: small;\"><span class=\"Stil4\">Kolic Armin (EHC Bruckm\u00fchl)<\/span><\/span><\/strong><\/td>\n<\/tr>\n<tr>\n<td bgcolor=\"#FF0000\"><\/td>\n<td><\/td>\n<td bgcolor=\"#FF0000\"><strong><span style=\"font-family: Arial, Helvetica, sans-serif; font-size: small;\"><span class=\"Stil4\">Sch\u00f6nberger Christian (Moordeife Bad Aibling)<\/span><\/span><\/strong><\/td>\n<\/tr>\n<tr>\n<td bgcolor=\"#FF0000\"><\/td>\n<td width=\"55\"><\/td>\n<td bgcolor=\"#FF0000\" width=\"680\"><strong><span style=\"font-family: Arial, Helvetica, sans-serif; font-size: small;\"><span class=\"Stil4\">Klimesch G\u00fcnther (Moordeife Bad Aibling)<\/span><\/span><\/strong><\/td>\n<\/tr>\n<\/tbody>\n<\/table>\n","protected":false},"excerpt":{"rendered":"<p>ALL-FOUR-ONE CHAMPION: RHL-Meister &#8211; RHL-Pokalsieger &#8211; Bester Spieler\/Goalie und All-Star-Game Sieger &nbsp; Siebeneicher Ernst (Moordeife Bad Aibling) Mainbird Mike (Mangfall Sheriffs) Kolic Armin (EHC Bruckm\u00fchl) Sch\u00f6nberger Christian (Moordeife Bad Aibling) Klimesch G\u00fcnther (Moordeife Bad Aibling)<\/p>\n","protected":false},"author":1,"featured_media":0,"parent":0,"menu_order":0,"comment_status":"closed","ping_status":"closed","template":"","meta":{"footnotes":""},"class_list":["post-199","page","type-page","status-publish","hentry"],"_links":{"self":[{"href":"http:\/\/www.rhl-hockey.com\/w2\/wp-json\/wp\/v2\/pages\/199","targetHints":{"allow":["GET"]}}],"collection":[{"href":"http:\/\/www.rhl-hockey.com\/w2\/wp-json\/wp\/v2\/pages"}],"about":[{"href":"http:\/\/www.rhl-hockey.com\/w2\/wp-json\/wp\/v2\/types\/page"}],"author":[{"embeddable":true,"href":"http:\/\/www.rhl-hockey.com\/w2\/wp-json\/wp\/v2\/users\/1"}],"replies":[{"embeddable":true,"href":"http:\/\/www.rhl-hockey.com\/w2\/wp-json\/wp\/v2\/comments?post=199"}],"version-history":[{"count":2,"href":"http:\/\/www.rhl-hockey.com\/w2\/wp-json\/wp\/v2\/pages\/199\/revisions"}],"predecessor-version":[{"id":462,"href":"http:\/\/www.rhl-hockey.com\/w2\/wp-json\/wp\/v2\/pages\/199\/revisions\/462"}],"wp:attachment":[{"href":"http:\/\/www.rhl-hockey.com\/w2\/wp-json\/wp\/v2\/media?parent=199"}],"curies":[{"name":"wp","href":"https:\/\/api.w.org\/{rel}","templated":true}]}}